{"id":113,"date":"2020-07-08T18:38:50","date_gmt":"2020-07-08T18:38:50","guid":{"rendered":"https:\/\/lumepsicopedagogia.com.br\/site\/?page_id=113"},"modified":"2020-07-22T17:33:14","modified_gmt":"2020-07-22T17:33:14","slug":"dificuldades-de-aprendizagem","status":"publish","type":"page","link":"https:\/\/lumepsicopedagogia.com.br\/site\/dificuldades-de-aprendizagem\/","title":{"rendered":"Dificuldades de Aprendizagem"},"content":{"rendered":"<body>\n<p>As dificuldades de aprendizagem podem estar relacionadas a diversos aspectos, dentre eles, emocionais, ambientais, org\u00e2nicos e pedag\u00f3gicos.<\/p>\n\n\n\n<p>\u2022 Emocionais: Quando algum estado emocional interno (tristeza, irrita\u00e7\u00e3o, depress\u00e3o) interfere na aquisi\u00e7\u00e3o de novos conhecimentos, ou seja, bloqueia a aten\u00e7\u00e3o, proporciona desmotiva\u00e7\u00e3o nos estudos e na vontade de aprender.<\/p>\n\n\n\n<p>\u2022 Ambientais: Causas externas que podem interferir significativamente na aprendizagem. Por exemplo: Falta de rotina, local de estudo inapropriado, desorganiza\u00e7\u00e3o, ru\u00eddos e barulhos no ambiente, relacionamentos parentais, entre outras.<\/p>\n\n\n\n<p>\u2022 Org\u00e2nicos: Condi\u00e7\u00f5es na sa\u00fade do indiv\u00edduo como problemas de audi\u00e7\u00e3o, vis\u00e3o, s\u00edndromes gen\u00e9ticas, transtornos do neurodesenvolvimento (defici\u00eancia intelectual, transtornos da comunica\u00e7\u00e3o, transtornos do espectro autista, TDAH, transtornos espec\u00edficos da aprendizagem \u2013 Leitura, escrita e Matem\u00e1tica, transtornos motores, entre outros).<\/p>\n\n\n\n<p>\u2022 Pedag\u00f3gicos: Problemas na aprendizagem quando relacionados ao m\u00e9todo de ensino, material pedag\u00f3gico e mat\u00e9rias.<\/p>\n\n\n\n<p>\u00c9 importante que os preju\u00edzos de aprendizagem sejam investigados e tratados, possibilitando melhorar o desenvolvimento cognitivo do indiv\u00edduo atrav\u00e9s de estrat\u00e9gias eficazes de ensino.<\/p>\n<\/body>","protected":false},"excerpt":{"rendered":"<p>As dificuldades de aprendizagem podem estar relacionadas a diversos aspectos, dentre eles, emocionais, ambientais, org\u00e2nicos e pedag\u00f3gicos. \u2022 Emocionais: Quando algum estado emocional interno (tristeza, irrita\u00e7\u00e3o, depress\u00e3o) interfere na aquisi\u00e7\u00e3o de novos conhecimentos, ou seja, bloqueia a aten\u00e7\u00e3o, proporciona desmotiva\u00e7\u00e3o nos estudos e na vontade de aprender. \u2022 Ambientais: Causas externas que podem interferir significativamente&hellip;<\/p>\n","protected":false},"author":1,"featured_media":357,"parent":0,"menu_order":0,"comment_status":"closed","ping_status":"closed","template":"","meta":{"pagelayer_contact_templates":[],"_pagelayer_content":"","_joinchat":[],"footnotes":""},"class_list":["post-113","page","type-page","status-publish","has-post-thumbnail","hentry"],"_links":{"self":[{"href":"https:\/\/lumepsicopedagogia.com.br\/site\/wp-json\/wp\/v2\/pages\/113"}],"collection":[{"href":"https:\/\/lumepsicopedagogia.com.br\/site\/wp-json\/wp\/v2\/pages"}],"about":[{"href":"https:\/\/lumepsicopedagogia.com.br\/site\/wp-json\/wp\/v2\/types\/page"}],"author":[{"embeddable":true,"href":"https:\/\/lumepsicopedagogia.com.br\/site\/wp-json\/wp\/v2\/users\/1"}],"replies":[{"embeddable":true,"href":"https:\/\/lumepsicopedagogia.com.br\/site\/wp-json\/wp\/v2\/comments?post=113"}],"version-history":[{"count":4,"href":"https:\/\/lumepsicopedagogia.com.br\/site\/wp-json\/wp\/v2\/pages\/113\/revisions"}],"predecessor-version":[{"id":947,"href":"https:\/\/lumepsicopedagogia.com.br\/site\/wp-json\/wp\/v2\/pages\/113\/revisions\/947"}],"wp:featuredmedia":[{"embeddable":true,"href":"https:\/\/lumepsicopedagogia.com.br\/site\/wp-json\/wp\/v2\/media\/357"}],"wp:attachment":[{"href":"https:\/\/lumepsicopedagogia.com.br\/site\/wp-json\/wp\/v2\/media?parent=113"}],"curies":[{"name":"wp","href":"https:\/\/api.w.org\/{rel}","templated":true}]}}