{"id":245,"date":"2017-08-12T17:32:47","date_gmt":"2017-08-12T17:32:47","guid":{"rendered":"http:\/\/demo.acmethemes.com\/medical-circle\/?page_id=47"},"modified":"2020-09-20T22:58:43","modified_gmt":"2020-09-20T22:58:43","slug":"nossas-especialidades-2","status":"publish","type":"page","link":"https:\/\/lumepsicopedagogia.com.br\/site\/nossas-especialidades-2\/","title":{"rendered":"Nossas Especialidades"},"content":{"rendered":"<body><h2>Psicopedagogia \u2022<\/h2>\n<p>Atendimento a crian\u00e7as, adolescentes e adultos com problemas de aprendizagem;<\/p>\n<h2>Orienta\u00e7\u00e3o Parental \u2022<\/h2>\n<p>Promover uma intera\u00e7\u00e3o familiar saud\u00e1vel, proporcionar reflex\u00f5es sobre o desenvolvimento e a<br>import\u00e2ncia das fun\u00e7\u00f5es parentais, conscientizar a fam\u00edlia sobre seu valor em diferentes contextos<br>dentro da sociedade e sua import\u00e2ncia nos aspectos de aprendizagem de seu filho;<\/p>\n<h2>Assessoria Psicopedag\u00f3gica \u2022<\/h2>\n<p>Para pais, professores e profissionais da educa\u00e7\u00e3o.<\/p>\n\n\n<p><\/p>\n<\/body>","protected":false},"excerpt":{"rendered":"<p>Psicopedagogia \u2022 Atendimento a crian\u00e7as, adolescentes e adultos com problemas de aprendizagem; Orienta\u00e7\u00e3o Parental \u2022 Promover uma intera\u00e7\u00e3o familiar saud\u00e1vel, proporcionar reflex\u00f5es sobre o desenvolvimento e aimport\u00e2ncia das fun\u00e7\u00f5es parentais, conscientizar a fam\u00edlia sobre seu valor em diferentes contextosdentro da sociedade e sua import\u00e2ncia nos aspectos de aprendizagem de seu filho; Assessoria Psicopedag\u00f3gica \u2022 Para&hellip;<\/p>\n","protected":false},"author":1,"featured_media":600,"parent":0,"menu_order":0,"comment_status":"closed","ping_status":"closed","template":"","meta":{"pagelayer_contact_templates":[],"_pagelayer_content":"","_joinchat":[],"footnotes":""},"class_list":["post-245","page","type-page","status-publish","has-post-thumbnail","hentry"],"_links":{"self":[{"href":"https:\/\/lumepsicopedagogia.com.br\/site\/wp-json\/wp\/v2\/pages\/245"}],"collection":[{"href":"https:\/\/lumepsicopedagogia.com.br\/site\/wp-json\/wp\/v2\/pages"}],"about":[{"href":"https:\/\/lumepsicopedagogia.com.br\/site\/wp-json\/wp\/v2\/types\/page"}],"author":[{"embeddable":true,"href":"https:\/\/lumepsicopedagogia.com.br\/site\/wp-json\/wp\/v2\/users\/1"}],"replies":[{"embeddable":true,"href":"https:\/\/lumepsicopedagogia.com.br\/site\/wp-json\/wp\/v2\/comments?post=245"}],"version-history":[{"count":10,"href":"https:\/\/lumepsicopedagogia.com.br\/site\/wp-json\/wp\/v2\/pages\/245\/revisions"}],"predecessor-version":[{"id":961,"href":"https:\/\/lumepsicopedagogia.com.br\/site\/wp-json\/wp\/v2\/pages\/245\/revisions\/961"}],"wp:featuredmedia":[{"embeddable":true,"href":"https:\/\/lumepsicopedagogia.com.br\/site\/wp-json\/wp\/v2\/media\/600"}],"wp:attachment":[{"href":"https:\/\/lumepsicopedagogia.com.br\/site\/wp-json\/wp\/v2\/media?parent=245"}],"curies":[{"name":"wp","href":"https:\/\/api.w.org\/{rel}","templated":true}]}}