{"id":255,"date":"2017-08-12T17:13:19","date_gmt":"2017-08-12T17:13:19","guid":{"rendered":"http:\/\/demo.acmethemes.com\/medical-circle\/?page_id=27"},"modified":"2020-08-20T17:11:02","modified_gmt":"2020-08-20T17:11:02","slug":"sobre-a-lume-2","status":"publish","type":"page","link":"https:\/\/lumepsicopedagogia.com.br\/site\/sobre-a-lume-2\/","title":{"rendered":"Sobre a Lume"},"content":{"rendered":"<body><p><strong>Lume<\/strong> tem como sin\u00f4nimo intelig\u00eancia, esperteza, sutileza, conhecimento e sabedoria.<\/p>\n<p>A Lume Psicopedagogia surgiu da percep\u00e7\u00e3o da Psicopedagoga Roberta Sanches, que entende que cada ser humano \u00e9 \u00fanico, portanto, tem seu pr\u00f3prio ritmo de absor\u00e7\u00e3o de conhecimentos.<\/p>\n<p><strong>Miss\u00e3o<\/strong> \u2013 oferecer os mais completos servi\u00e7os de psicopedagogia para crian\u00e7as, adolescentes e adultos, al\u00e9m de profissionais da \u00e1rea educacional.<\/p>\n<p><strong>Vis\u00e3o<\/strong> \u2013 estar sempre atenta \u00e0s novidades do setor, para que as solu\u00e7\u00f5es apresentadas sempre estejam adequadas \u00e0s necessidades dos clientes.<\/p>\n<p><strong>Valores<\/strong> \u2013 disponibilizar servi\u00e7os e estrutura de alt\u00edssimo n\u00edvel, de modo a agregar valor e conhecimento a quem os utilizar.<\/p>\n<\/body>","protected":false},"excerpt":{"rendered":"<p>Lume tem como sin\u00f4nimo intelig\u00eancia, esperteza, sutileza, conhecimento e sabedoria. A Lume Psicopedagogia surgiu da percep\u00e7\u00e3o da Psicopedagoga Roberta Sanches, que entende que cada ser humano \u00e9 \u00fanico, portanto, tem seu pr\u00f3prio ritmo de absor\u00e7\u00e3o de conhecimentos. Miss\u00e3o \u2013 oferecer os mais completos servi\u00e7os de psicopedagogia para crian\u00e7as, adolescentes e adultos, al\u00e9m de profissionais da&hellip;<\/p>\n","protected":false},"author":1,"featured_media":101,"parent":0,"menu_order":0,"comment_status":"closed","ping_status":"closed","template":"","meta":{"pagelayer_contact_templates":[],"_pagelayer_content":"","_joinchat":[],"footnotes":""},"class_list":["post-255","page","type-page","status-publish","has-post-thumbnail","hentry"],"_links":{"self":[{"href":"https:\/\/lumepsicopedagogia.com.br\/site\/wp-json\/wp\/v2\/pages\/255"}],"collection":[{"href":"https:\/\/lumepsicopedagogia.com.br\/site\/wp-json\/wp\/v2\/pages"}],"about":[{"href":"https:\/\/lumepsicopedagogia.com.br\/site\/wp-json\/wp\/v2\/types\/page"}],"author":[{"embeddable":true,"href":"https:\/\/lumepsicopedagogia.com.br\/site\/wp-json\/wp\/v2\/users\/1"}],"replies":[{"embeddable":true,"href":"https:\/\/lumepsicopedagogia.com.br\/site\/wp-json\/wp\/v2\/comments?post=255"}],"version-history":[{"count":5,"href":"https:\/\/lumepsicopedagogia.com.br\/site\/wp-json\/wp\/v2\/pages\/255\/revisions"}],"predecessor-version":[{"id":742,"href":"https:\/\/lumepsicopedagogia.com.br\/site\/wp-json\/wp\/v2\/pages\/255\/revisions\/742"}],"wp:featuredmedia":[{"embeddable":true,"href":"https:\/\/lumepsicopedagogia.com.br\/site\/wp-json\/wp\/v2\/media\/101"}],"wp:attachment":[{"href":"https:\/\/lumepsicopedagogia.com.br\/site\/wp-json\/wp\/v2\/media?parent=255"}],"curies":[{"name":"wp","href":"https:\/\/api.w.org\/{rel}","templated":true}]}}