{"id":59,"date":"2020-07-06T20:49:25","date_gmt":"2020-07-06T20:49:25","guid":{"rendered":"https:\/\/lumepsicopedagogia.com.br\/site\/?page_id=59"},"modified":"2024-01-24T12:12:04","modified_gmt":"2024-01-24T12:12:04","slug":"sobre-a-lume","status":"publish","type":"page","link":"https:\/\/lumepsicopedagogia.com.br\/site\/sobre-a-lume\/","title":{"rendered":"Sobre a Lume"},"content":{"rendered":"<body>\n<div id=\"section-g7351c0\" class=\"wp-block-gutentor-e6 section-g7351c0 gutentor-element gutentor-element-image\"><div class=\"gutentor-element-image-box\"><div class=\"gutentor-image-thumb\"><img decoding=\"async\" class=\"normal-image\" src=\"https:\/\/lumepsicopedagogia.com.br\/site\/wp-content\/uploads\/2020\/07\/Roberta_Moreira_Sanches-200x300-1.jpg\" loading=\"lazy\"><\/div><\/div><\/div>\n\n\n\n<h2 class=\"wp-block-heading\">Roberta Sanches<\/h2>\n\n\n\n<p>Graduada em Pedagogia e p\u00f3s-graduada em Gest\u00e3o e Organiza\u00e7\u00e3o Escolar pela Universidade Cidade de S\u00e3o Paulo (UNICID). Especialista em Psicopedagogia pela Universidade Presbiteriana Mackenzie (UPM). Experi\u00eancia na \u00e1rea de Educa\u00e7\u00e3o com foco em ensino-aprendizagem. Dirige os estudos na \u00e1rea psicopedag\u00f3gica com \u00eanfase na psicologia cognitiva e neuroci\u00eancia. Atua com avalia\u00e7\u00e3o e interven\u00e7\u00e3o cl\u00ednica para crian\u00e7as e adolescentes com dificuldades e\/ou transtornos de aprendizagem<strong>.<\/strong><\/p>\n\n\n\n<h2 class=\"wp-block-heading\"><strong>Lume Psicopedagogia<\/strong><strong><\/strong><\/h2>\n\n\n\n<p>Lume tem como sin\u00f4nimo intelig\u00eancia, esperteza, sutileza, conhecimento e sabedoria.<\/p>\n\n\n\n<p>A Lume Psicopedagogia surgiu da percep\u00e7\u00e3o da Psicopedagoga Roberta Sanches, que entende que cada ser humano \u00e9 \u00fanico, portanto, tem seu pr\u00f3prio ritmo de absor\u00e7\u00e3o de conhecimentos.<\/p>\n\n\n\n<p><strong>Miss\u00e3o<\/strong> \u2013 oferecer os mais completos servi\u00e7os de psicopedagogia para crian\u00e7as, adolescentes e adultos, al\u00e9m de profissionais da \u00e1rea educacional.<\/p>\n\n\n\n<p><strong>Vis\u00e3o<\/strong> \u2013 estar sempre atenta \u00e0s novidades do setor, para que as solu\u00e7\u00f5es apresentadas sempre estejam adequadas \u00e0s necessidades dos clientes.<\/p>\n\n\n\n<p><strong>Valores<\/strong> \u2013 disponibilizar servi\u00e7os e estrutura de alt\u00edssimo n\u00edvel, de modo a agregar valor e conhecimento a quem os utilizar.<\/p>\n\n\n\n<p><\/p>\n\n\n\n<p><\/p>\n\n\n\n<p><\/p>\n<\/body>","protected":false},"excerpt":{"rendered":"<p>Roberta Sanches Graduada em Pedagogia e p\u00f3s-graduada em Gest\u00e3o e Organiza\u00e7\u00e3o Escolar pela Universidade Cidade de S\u00e3o Paulo (UNICID). Especialista em Psicopedagogia pela Universidade Presbiteriana Mackenzie (UPM). Experi\u00eancia na \u00e1rea de Educa\u00e7\u00e3o com foco em ensino-aprendizagem. Dirige os estudos na \u00e1rea psicopedag\u00f3gica com \u00eanfase na psicologia cognitiva e neuroci\u00eancia. Atua com avalia\u00e7\u00e3o e interven\u00e7\u00e3o cl\u00ednica&hellip;<\/p>\n","protected":false},"author":1,"featured_media":0,"parent":0,"menu_order":0,"comment_status":"closed","ping_status":"closed","template":"","meta":{"pagelayer_contact_templates":[],"_pagelayer_content":"","_joinchat":[],"footnotes":""},"class_list":["post-59","page","type-page","status-publish","hentry"],"_links":{"self":[{"href":"https:\/\/lumepsicopedagogia.com.br\/site\/wp-json\/wp\/v2\/pages\/59"}],"collection":[{"href":"https:\/\/lumepsicopedagogia.com.br\/site\/wp-json\/wp\/v2\/pages"}],"about":[{"href":"https:\/\/lumepsicopedagogia.com.br\/site\/wp-json\/wp\/v2\/types\/page"}],"author":[{"embeddable":true,"href":"https:\/\/lumepsicopedagogia.com.br\/site\/wp-json\/wp\/v2\/users\/1"}],"replies":[{"embeddable":true,"href":"https:\/\/lumepsicopedagogia.com.br\/site\/wp-json\/wp\/v2\/comments?post=59"}],"version-history":[{"count":17,"href":"https:\/\/lumepsicopedagogia.com.br\/site\/wp-json\/wp\/v2\/pages\/59\/revisions"}],"predecessor-version":[{"id":1018,"href":"https:\/\/lumepsicopedagogia.com.br\/site\/wp-json\/wp\/v2\/pages\/59\/revisions\/1018"}],"wp:attachment":[{"href":"https:\/\/lumepsicopedagogia.com.br\/site\/wp-json\/wp\/v2\/media?parent=59"}],"curies":[{"name":"wp","href":"https:\/\/api.w.org\/{rel}","templated":true}]}}