{"id":66,"date":"2020-07-06T21:00:51","date_gmt":"2020-07-06T21:00:51","guid":{"rendered":"https:\/\/lumepsicopedagogia.com.br\/site\/?page_id=66"},"modified":"2020-09-20T22:57:25","modified_gmt":"2020-09-20T22:57:25","slug":"o-que-fazemos","status":"publish","type":"page","link":"https:\/\/lumepsicopedagogia.com.br\/site\/o-que-fazemos\/","title":{"rendered":"O Que Fazemos"},"content":{"rendered":"<body>\n<p><\/p>\n\n\n\n<p>Investigamos, identificamos e tratamos os problemas de aprendizagem de maneira individualizada, removendo obst\u00e1culos e auxiliando indiv\u00edduos a encontrar suas melhores habilidades para desenvolver novos recursos no processo cognitivo.<\/p>\n\n\n\n<p>O trabalho psicopedag\u00f3gico esclarece uma queixa da pr\u00f3pria pessoa, da fam\u00edlia ou da escola, com rela\u00e7\u00e3o a dificuldades ou lentid\u00e3o na forma de aprender.<\/p>\n\n\n\n<p>O atendimento estende-se a crian\u00e7as, adolescentes, adultos e at\u00e9 idosos com queixas de dificuldades de assimila\u00e7\u00e3o de novos conte\u00fados.<\/p>\n\n\n\n<p>Tamb\u00e9m oferecemos orienta\u00e7\u00e3o parental, pois compreendemos que a fam\u00edlia exerce um papel fundamental no desenvolvimento da crian\u00e7a em todos os sentidos, inclusive no aspecto cognitivo, de modo a favorecer o seu processo de ensino-aprendizagem.<\/p>\n\n\n\n<p>Atuamos em parceria com profissionais da sa\u00fade. Entendemos que a vis\u00e3o de cada profissional contribui com informa\u00e7\u00f5es diferenciadas possibilitando melhor an\u00e1lise da hip\u00f3tese diagn\u00f3stica.<\/p>\n\n\n\n<p>Trabalhamos ainda com Assessoria Psicopedag\u00f3gica. O objetivo \u00e9 melhorar a qualidade de ensino, auxiliando e apoiando a equipe escolar, pais e alunos nas quest\u00f5es relacionadas ao processo de ensino-aprendizagem. Tamb\u00e9m atuamos com palestras e treinamentos para professores, com foco na aprendizagem do aluno, oferecendo conte\u00fados atuais e promovendo novas experi\u00eancias e reflex\u00f5es.<\/p>\n\n\n\n<p><\/p>\n<\/body>","protected":false},"excerpt":{"rendered":"<p>Investigamos, identificamos e tratamos os problemas de aprendizagem de maneira individualizada, removendo obst\u00e1culos e auxiliando indiv\u00edduos a encontrar suas melhores habilidades para desenvolver novos recursos no processo cognitivo. O trabalho psicopedag\u00f3gico esclarece uma queixa da pr\u00f3pria pessoa, da fam\u00edlia ou da escola, com rela\u00e7\u00e3o a dificuldades ou lentid\u00e3o na forma de aprender. O atendimento estende-se&hellip;<\/p>\n","protected":false},"author":1,"featured_media":432,"parent":0,"menu_order":0,"comment_status":"closed","ping_status":"closed","template":"","meta":{"pagelayer_contact_templates":[],"_pagelayer_content":"","_joinchat":[],"footnotes":""},"class_list":["post-66","page","type-page","status-publish","has-post-thumbnail","hentry"],"_links":{"self":[{"href":"https:\/\/lumepsicopedagogia.com.br\/site\/wp-json\/wp\/v2\/pages\/66"}],"collection":[{"href":"https:\/\/lumepsicopedagogia.com.br\/site\/wp-json\/wp\/v2\/pages"}],"about":[{"href":"https:\/\/lumepsicopedagogia.com.br\/site\/wp-json\/wp\/v2\/types\/page"}],"author":[{"embeddable":true,"href":"https:\/\/lumepsicopedagogia.com.br\/site\/wp-json\/wp\/v2\/users\/1"}],"replies":[{"embeddable":true,"href":"https:\/\/lumepsicopedagogia.com.br\/site\/wp-json\/wp\/v2\/comments?post=66"}],"version-history":[{"count":15,"href":"https:\/\/lumepsicopedagogia.com.br\/site\/wp-json\/wp\/v2\/pages\/66\/revisions"}],"predecessor-version":[{"id":965,"href":"https:\/\/lumepsicopedagogia.com.br\/site\/wp-json\/wp\/v2\/pages\/66\/revisions\/965"}],"wp:featuredmedia":[{"embeddable":true,"href":"https:\/\/lumepsicopedagogia.com.br\/site\/wp-json\/wp\/v2\/media\/432"}],"wp:attachment":[{"href":"https:\/\/lumepsicopedagogia.com.br\/site\/wp-json\/wp\/v2\/media?parent=66"}],"curies":[{"name":"wp","href":"https:\/\/api.w.org\/{rel}","templated":true}]}}