{"id":74,"date":"2020-07-06T21:36:31","date_gmt":"2020-07-06T21:36:31","guid":{"rendered":"https:\/\/lumepsicopedagogia.com.br\/site\/?page_id=74"},"modified":"2020-08-22T02:16:09","modified_gmt":"2020-08-22T02:16:09","slug":"atendimento-psicopedagogico","status":"publish","type":"page","link":"https:\/\/lumepsicopedagogia.com.br\/site\/atendimento-psicopedagogico\/","title":{"rendered":"Atendimento Psicopedag\u00f3gico"},"content":{"rendered":"<body>\n<div class=\"wp-block-group alignfull\"><div class=\"wp-block-group__inner-container is-layout-flow wp-block-group-is-layout-flow\">\n<div class=\"wp-block-group is-layout-flow wp-block-group-is-layout-flow\"><div class=\"wp-block-group__inner-container\"><\/div><\/div>\n\n\n\n<p><\/p>\n<\/div><\/div>\n\n\n\n<p>O nosso atendimento psicopedag\u00f3gico \u00e9 baseado em evid\u00eancias cient\u00edficas e consiste em 3 etapas: avalia\u00e7\u00e3o, interven\u00e7\u00e3o e reavalia\u00e7\u00e3o.<br>\u2022 Avalia\u00e7\u00e3o: Aproximadamente 8 a 10 sess\u00f5es. A avalia\u00e7\u00e3o foca na investiga\u00e7\u00e3o das habilidades relacionadas a aprendizagem e em entrevistas para entender a queixa.<br>\u2022 Interven\u00e7\u00e3o: Atividades pr\u00e1ticas para tratar as habilidades deficit\u00e1rias e desenvolver novas estrat\u00e9gias de aprendizado, ampliando tamb\u00e9m as habilidades preservadas. As sess\u00f5es variam de acordo com o desempenho do indiv\u00edduo, prevendo um m\u00ednimo de 5 sess\u00f5es.<br>\u2022 Reavalia\u00e7\u00e3o: As habilidades trabalhadas na interven\u00e7\u00e3o ser\u00e3o reavaliadas para continuidade ou n\u00e3o da interven\u00e7\u00e3o.<br>Dentro do processo de avalia\u00e7\u00e3o e interven\u00e7\u00e3o, pode ser necess\u00e1rio o contato com a escola para entender melhor o aluno e, ainda, haver encaminhamento a outros especialistas, para que juntos possamos intervir de modo eficaz auxiliando o paciente a superar as suas dificuldades.<\/p>\n\n\n\n<h2 class=\"wp-block-heading\">Atendimento para <strong>Adultos e Idosos<\/strong> <\/h2>\n\n\n\n<p>\u201cA interven\u00e7\u00e3o psicopedag\u00f3gica oferece um novo olhar para si mesmo e para a vida.<br>Proporcionando o resgate e o despertar de novas aprendizagens, superando dificuldades cognitivas, emocionais e sociais\u201d. (Fonte: ABPp, Associa\u00e7\u00e3o Brasileira de Psicopedagogia).<\/p>\n\n\n\n<p>As atividades trabalhadas s\u00e3o voltadas para o alcance de metas e satisfa\u00e7\u00e3o nas rotinas do dia a dia, ou seja, contribuem com estrat\u00e9gias para a assimila\u00e7\u00e3o de novos conhecimentos, organiza\u00e7\u00e3o de rotinas, entre outras coisas.<br>A interven\u00e7\u00e3o psicopedag\u00f3gica, nessa faixa et\u00e1ria, visa buscar a\u00e7\u00f5es que proporcionem melhora na qualidade de vida como um todo.<\/p>\n<\/body>","protected":false},"excerpt":{"rendered":"<p>O nosso atendimento psicopedag\u00f3gico \u00e9 baseado em evid\u00eancias cient\u00edficas e consiste em 3 etapas: avalia\u00e7\u00e3o, interven\u00e7\u00e3o e reavalia\u00e7\u00e3o.\u2022 Avalia\u00e7\u00e3o: Aproximadamente 8 a 10 sess\u00f5es. A avalia\u00e7\u00e3o foca na investiga\u00e7\u00e3o das habilidades relacionadas a aprendizagem e em entrevistas para entender a queixa.\u2022 Interven\u00e7\u00e3o: Atividades pr\u00e1ticas para tratar as habilidades deficit\u00e1rias e desenvolver novas estrat\u00e9gias de aprendizado,&hellip;<\/p>\n","protected":false},"author":1,"featured_media":389,"parent":0,"menu_order":0,"comment_status":"closed","ping_status":"closed","template":"","meta":{"pagelayer_contact_templates":[],"_pagelayer_content":"","_joinchat":[],"footnotes":""},"class_list":["post-74","page","type-page","status-publish","has-post-thumbnail","hentry"],"_links":{"self":[{"href":"https:\/\/lumepsicopedagogia.com.br\/site\/wp-json\/wp\/v2\/pages\/74"}],"collection":[{"href":"https:\/\/lumepsicopedagogia.com.br\/site\/wp-json\/wp\/v2\/pages"}],"about":[{"href":"https:\/\/lumepsicopedagogia.com.br\/site\/wp-json\/wp\/v2\/types\/page"}],"author":[{"embeddable":true,"href":"https:\/\/lumepsicopedagogia.com.br\/site\/wp-json\/wp\/v2\/users\/1"}],"replies":[{"embeddable":true,"href":"https:\/\/lumepsicopedagogia.com.br\/site\/wp-json\/wp\/v2\/comments?post=74"}],"version-history":[{"count":7,"href":"https:\/\/lumepsicopedagogia.com.br\/site\/wp-json\/wp\/v2\/pages\/74\/revisions"}],"predecessor-version":[{"id":800,"href":"https:\/\/lumepsicopedagogia.com.br\/site\/wp-json\/wp\/v2\/pages\/74\/revisions\/800"}],"wp:featuredmedia":[{"embeddable":true,"href":"https:\/\/lumepsicopedagogia.com.br\/site\/wp-json\/wp\/v2\/media\/389"}],"wp:attachment":[{"href":"https:\/\/lumepsicopedagogia.com.br\/site\/wp-json\/wp\/v2\/media?parent=74"}],"curies":[{"name":"wp","href":"https:\/\/api.w.org\/{rel}","templated":true}]}}